{"id":11,"date":"2016-12-30T17:44:44","date_gmt":"2016-12-30T16:44:44","guid":{"rendered":"http:\/\/www.nunet.fi\/wp\/?page_id=11"},"modified":"2016-12-30T18:29:42","modified_gmt":"2016-12-30T17:29:42","slug":"kabelvisning","status":"publish","type":"page","link":"https:\/\/www.nunet.fi\/wp\/sv\/kabelvisning\/","title":{"rendered":"KABELVISNING"},"content":{"rendered":"<p><img decoding=\"async\" loading=\"lazy\" class=\"alignnone wp-image-49 size-full\" src=\"http:\/\/www.nunet.fi\/wp\/wp-content\/uploads\/2016\/12\/dragning2.jpg\" width=\"978\" height=\"338\" srcset=\"https:\/\/www.nunet.fi\/wp\/wp-content\/uploads\/2016\/12\/dragning2.jpg 978w, https:\/\/www.nunet.fi\/wp\/wp-content\/uploads\/2016\/12\/dragning2-300x104.jpg 300w, https:\/\/www.nunet.fi\/wp\/wp-content\/uploads\/2016\/12\/dragning2-768x265.jpg 768w\" sizes=\"(max-width: 978px) 100vw, 978px\" \/><\/p>\n<p>F\u00f6re p\u00e5b\u00f6rjandet av jordbyggnadsarbete, skogsarbete, vattenbyggnadsarbete eller annan verksamhet som eventuellt kan skada kablar, \u00e4r man skyldig att ta reda p\u00e5 var eventuella kablar finns (111\u00a7 Arbete som \u00e4ventyrar telekablar).<br \/>\nF\u00f6rfr\u00e5gningar om NU-net:s kablar<br \/>\nUpplysningsf\u00f6rfr\u00e5gan skall g\u00f6ras 3 arbetsdagar f\u00f6re arbetets p\u00e5b\u00f6rjande. Utm\u00e4rkning i terr\u00e4ngen \u00e4r avgiftsfri, om f\u00f6rfr\u00e5gan har gjorts inom tidsfristen. Vid br\u00e5dskande fall debiteras 100\u0080 + moms\/timme samt km ers\u00e4ttning f\u00f6r kabelvisning ifall utm\u00e4rkning \u00e4r m\u00f6jlig att genomf\u00f6ra.<br \/>\nF\u00f6r kabelvisning och f\u00f6rfr\u00e5gningar, se kontaktpersoner eller info@nunet.fi<\/p>\n","protected":false},"excerpt":{"rendered":"<p>F\u00f6re p\u00e5b\u00f6rjandet av jordbyggnadsarbete, skogsarbete, vattenbyggnadsarbete eller annan verksamhet som eventuellt kan skada kablar, \u00e4r man skyldig att ta reda p\u00e5 var eventuella kablar finns (111\u00a7 Arbete som \u00e4ventyrar telekablar). F\u00f6rfr\u00e5gningar om NU-net:s kablar Upplysningsf\u00f6rfr\u00e5gan skall g\u00f6ras 3 arbetsdagar f\u00f6re arbetets p\u00e5b\u00f6rjande. Utm\u00e4rkning i terr\u00e4ngen \u00e4r avgiftsfri, om f\u00f6rfr\u00e5gan har gjorts inom tidsfristen. Vid br\u00e5dskande &#8230; <\/p>\n<p class=\"moree\"><a class=\"arbtnn arbtnn-small arbtnnsrborder\" href=\"https:\/\/www.nunet.fi\/wp\/sv\/kabelvisning\/\">Read more <i class=\"fa fa-arrow-circle-right\"><\/i><\/a><\/p>\n","protected":false},"author":1,"featured_media":0,"parent":0,"menu_order":0,"comment_status":"closed","ping_status":"closed","template":"","meta":{"om_disable_all_campaigns":false,"_monsterinsights_skip_tracking":false,"_monsterinsights_sitenote_active":false,"_monsterinsights_sitenote_note":"","_monsterinsights_sitenote_category":0,"_uf_show_specific_survey":0,"_uf_disable_surveys":false},"aioseo_notices":[],"_links":{"self":[{"href":"https:\/\/www.nunet.fi\/wp\/wp-json\/wp\/v2\/pages\/11"}],"collection":[{"href":"https:\/\/www.nunet.fi\/wp\/wp-json\/wp\/v2\/pages"}],"about":[{"href":"https:\/\/www.nunet.fi\/wp\/wp-json\/wp\/v2\/types\/page"}],"author":[{"embeddable":true,"href":"https:\/\/www.nunet.fi\/wp\/wp-json\/wp\/v2\/users\/1"}],"replies":[{"embeddable":true,"href":"https:\/\/www.nunet.fi\/wp\/wp-json\/wp\/v2\/comments?post=11"}],"version-history":[{"count":3,"href":"https:\/\/www.nunet.fi\/wp\/wp-json\/wp\/v2\/pages\/11\/revisions"}],"predecessor-version":[{"id":69,"href":"https:\/\/www.nunet.fi\/wp\/wp-json\/wp\/v2\/pages\/11\/revisions\/69"}],"wp:attachment":[{"href":"https:\/\/www.nunet.fi\/wp\/wp-json\/wp\/v2\/media?parent=11"}],"curies":[{"name":"wp","href":"https:\/\/api.w.org\/{rel}","templated":true}]}}