{"id":27,"date":"2016-12-30T17:58:53","date_gmt":"2016-12-30T16:58:53","guid":{"rendered":"http:\/\/www.nunet.fi\/wp\/?page_id=27"},"modified":"2021-03-21T14:51:21","modified_gmt":"2021-03-21T12:51:21","slug":"kysymyksia-vastauksia","status":"publish","type":"page","link":"https:\/\/www.nunet.fi\/wp\/fi\/kysymyksia-vastauksia\/","title":{"rendered":"KYSYMYKSI\u00c4 &#038; VASTAUKSIA"},"content":{"rendered":"<h3><b>IP-TV <\/b><\/h3>\n<p>Multi-TV ohjeet l\u00f6yd\u00e4t t\u00e4\u00e4lt\u00e4: <a href=\"https:\/\/www.jnt.fi\/fi\/tv\/iptv\/\">Multi-Tv<\/a><\/p>\n<p><b>Toimiiko vanha digiboksi vai pit\u00e4\u00e4k\u00f6 olla IP-TV boksi kytkettyn\u00e4 televisioon? <\/b>Vastaus: Vanha digiboksi toimii viel\u00e4, mutta katseltaessa IP-TV:t\u00e4 Nu-Netin kuidun kautta pit\u00e4\u00e4 olla jokaiseen tv:hen IP-TV-boksi.<\/p>\n<p><b>Kuinka monta IP-TV-boksia voi kytke\u00e4 modeemiin? <\/b><\/p>\n<p>Vastaus: Pit\u00e4\u00e4 kysy\u00e4 IP-TV palveluntarjoajalta. Nu-Net konfiguroi portit 3 ja 4 IP-TV:t\u00e4 varten. Jos k\u00e4yt\u00f6ss\u00e4 on enemm\u00e4n kuin 2 IP-TV-bokseja, pit\u00e4\u00e4 ostaa kytkin mist\u00e4 jaetaan yhteys useammalle IP-TV-boksille. Huomaa ett\u00e4 Internet-, VOIP- ja IP-TV-palveluja varten pit\u00e4\u00e4 olla erilliset kytkimet.<\/p>\n<p><b>Kuinka monta porttia on modeemissa IP-TV:t\u00e4 varten? <\/b><\/p>\n<p>Vastaus: 2 kappaletta, portit 3 ja 4.<\/p>\n<p><b>Toimivatko HD-l\u00e4hetykset t\u00e4m\u00e4n p\u00e4iv\u00e4n IP-TV-bokseissa vai pit\u00e4\u00e4k\u00f6 niit\u00e4 vaihtaa vuoden j\u00e4lkeen? <\/b>Vastaus: T\u00e4m\u00e4n p\u00e4iv\u00e4n IP-TV-bokseissa on HDMI-portti ja niiss\u00e4 toimii HD- l\u00e4hetykset.<\/p>\n<p><b>Onko olemassa kovalevyll\u00e4 varustettuja IP-TV-bokseja? <\/b><\/p>\n<p>Vastaus: Kyll\u00e4, mutta ensiksi on varmistettava palveluntarjoajalta ett\u00e4 kyseinen IP-TV-boksi on yhteensopiva palvelun kanssa.<\/p>\n<p><b>Onko vaihtoehtoja mist\u00e4 hankin IP-TV-boksin? <\/b><\/p>\n<p>Vastaus: Voit ostaa sen mist\u00e4 tahansa, kunhan palveluntarjoaja hyv\u00e4ksyy boksin.<\/p>\n<p><b>Voiko Ethernet-kaapelin sijaan k\u00e4ytt\u00e4\u00e4 \u0094Homeplug-j\u00e4rjestelm\u00e4\u00e4\u0094? <\/b><\/p>\n<p>Vastaus: On mahdollista, testattu huonoilla ja hyvill\u00e4 tuloksilla, riippuu t\u00e4ysin kodin s\u00e4hk\u00f6istyksest\u00e4.<\/p>\n<p><b>Mik\u00e4 on tilanne paikallis-tv:n kanssa? <\/b><\/p>\n<p>Vastaus: Riippuu t\u00e4ysin IP-TV:n palveluntarjoajalta.<\/p>\n<p><b>INTERNET <\/b><\/p>\n<p><b>Onko modeemissa palomuuri? Jos on, voinko itse avata portteja esim. IP-kameraa tai web-palvelinta varten? <\/b>Vastaus: Modeemissa on palomuuri miss\u00e4 toimii NAT. Jos portteja pit\u00e4\u00e4 avata, ota yhteys Nu-Netin tukeen.<\/p>\n<p><b>Onko mahdollista kytke\u00e4 wlan-toistin modeemin wlaniin? <\/b><\/p>\n<p>Vastaus: Kyll\u00e4, voi vaatia lis\u00e4konfigurointia. Ota yhteys Nu-Netin tukeen.<\/p>\n<p><b>Kuinka monta porttia on modeemissa tietokoneita varten? <\/b><\/p>\n<p>Vastaus: 2 kappaletta, portit 1 ja 2.<\/p>\n<p><b>Voinko k\u00e4ytt\u00e4\u00e4 vanhaa reititty\u00e4 modeemia kytkimen\u00e4? <\/b><\/p>\n<p>Vastaus: Emme suosittele sit\u00e4. Voi aiheuttaa ongelmia kuituliittym\u00e4ss\u00e4.<\/p>\n<p><b>Miten voin jatkaa k\u00e4ytt\u00e4\u00e4 @multi.fi s\u00e4hk\u00f6postiosoitteeni? <\/b><\/p>\n<p>Vastaus: Jos teill\u00e4 on aikaisemmin ollut PSP:n s\u00e4hk\u00f6posti ja ADSL, ja irtisanotte liittym\u00e4n, on mahdollista pyyt\u00e4\u00e4 ett\u00e4 s\u00e4hk\u00f6posti j\u00e4\u00e4 voimaan. Kysy ensiksi hintaa, vuosimaksu pit\u00e4\u00e4 olla noin 20\u0080.<\/p>\n<p><b>Minulla on \u0094jaettu Internet\u0094 ja en pysty l\u00e4hett\u00e4m\u00e4\u00e4n s\u00e4hk\u00f6postia @multi.fi osoitteesta? <\/b>Vastaus: T\u00e4m\u00e4 johtuu siit\u00e4, ett\u00e4 PSP ei salli t\u00e4t\u00e4, ellet halua muuttaa s\u00e4hk\u00f6postin tarjoaja, on kiertoteit\u00e4 &#8211; l\u00e4htev\u00e4n postin asetukset pit\u00e4\u00e4 olla mail.nunet.fi.<\/p>\n<p><b>Kenelt\u00e4 pyyd\u00e4n apua jos talon sis\u00e4inen verkko ei toimi? <\/b><\/p>\n<p>Vastaus: Talon sis\u00e4inen verkko on asiakkaan vastuulla.<\/p>\n<p><b>PUHELIN \/ VOIP Saanko pit\u00e4\u00e4 vanhaa puhelinnumeroani vaihtaessani IP puhelimeen? <\/b><\/p>\n<p>Vastaus: Kyll\u00e4<\/p>\n<p><b>Toimiiko faksi sen j\u00e4lkeen kun VOIP on otettu k\u00e4ytt\u00f6\u00f6n? <\/b><\/p>\n<p>Vastaus: Nu-Net ei voi taata ett\u00e4 faksi toimii. Palveluntarjoajia kysym\u00e4ll\u00e4 on selvinnyt ett\u00e4 ei toimi tyydytt\u00e4v\u00e4sti.<\/p>\n<p><b>Vaatiiko VOIP-liittym\u00e4 Internet-liittym\u00e4\u00e4? <\/b><\/p>\n<p>Vastaus: Ei, ota yhteys Nu-Netin tukeen.<\/p>\n<p><b>YLEIST\u00c4 <\/b><\/p>\n<p><b>Kenelle soitan ongelmatilanteessa, ja kuinka nopeasti saan apua? <\/b><\/p>\n<p>Vastaus: Ota yhteys l\u00e4himp\u00e4\u00e4n yhteyshenkil\u00f6\u00f6n tai soita Nu-Netin tukeen tai j\u00e4t\u00e4 vikailmoitus numeroon\u00a0 GLH Netsolutions 050-4477674.Nu-Netin tukihenkil\u00f6n\u00e4 toimii GLH Netsolutions 050-4477674. Normaali ty\u00f6aika on arkisin 8:00\u009616:00. Viimeist\u00e4\u00e4n seuraavana arkip\u00e4iv\u00e4n\u00e4 GLH Netsolutions ottaa yhteytt\u00e4.<\/p>\n<p><b>Pit\u00e4\u00e4k\u00f6 modeemia suojata ukkossuojalla? Kuka maksaa jos ukkonen rikkoo modeemin? <\/b>Vastaus: Kyll\u00e4, asiakas maksaa.<\/p>\n<p><b>Miten tehd\u00e4\u00e4n kun irtisanotaan Soneran liittymi\u00e4? <\/b><\/p>\n<p>Vastaus: Soita Soneran asiakaspalveluun 0200 17000 (mpm\/pvm, my\u00f6s jonotusajalta) ma-pe 8-20, la 9-16:30.<\/p>\n<p><b>Miksei ole olemassa enemm\u00e4n kysymyksi\u00e4 ja vastauksia? <\/b><\/p>\n<p>Vastaus: Niit\u00e4 tehd\u00e4\u00e4n tarpeen mukaan.<\/p>\n","protected":false},"excerpt":{"rendered":"<p>IP-TV Multi-TV ohjeet l\u00f6yd\u00e4t t\u00e4\u00e4lt\u00e4: Multi-Tv Toimiiko vanha digiboksi vai pit\u00e4\u00e4k\u00f6 olla IP-TV boksi kytkettyn\u00e4 televisioon? Vastaus: Vanha digiboksi toimii viel\u00e4, mutta katseltaessa IP-TV:t\u00e4 Nu-Netin kuidun kautta pit\u00e4\u00e4 olla jokaiseen tv:hen IP-TV-boksi. Kuinka monta IP-TV-boksia voi kytke\u00e4 modeemiin? Vastaus: Pit\u00e4\u00e4 kysy\u00e4 IP-TV palveluntarjoajalta. Nu-Net konfiguroi portit 3 ja 4 IP-TV:t\u00e4 varten. Jos k\u00e4yt\u00f6ss\u00e4 on enemm\u00e4n &#8230; <\/p>\n<p class=\"moree\"><a class=\"arbtnn arbtnn-small arbtnnsrborder\" href=\"https:\/\/www.nunet.fi\/wp\/fi\/kysymyksia-vastauksia\/\">Read more <i class=\"fa fa-arrow-circle-right\"><\/i><\/a><\/p>\n","protected":false},"author":1,"featured_media":0,"parent":0,"menu_order":0,"comment_status":"closed","ping_status":"closed","template":"","meta":{"om_disable_all_campaigns":false,"_monsterinsights_skip_tracking":false,"_monsterinsights_sitenote_active":false,"_monsterinsights_sitenote_note":"","_monsterinsights_sitenote_category":0,"_uf_show_specific_survey":0,"_uf_disable_surveys":false},"aioseo_notices":[],"_links":{"self":[{"href":"https:\/\/www.nunet.fi\/wp\/wp-json\/wp\/v2\/pages\/27"}],"collection":[{"href":"https:\/\/www.nunet.fi\/wp\/wp-json\/wp\/v2\/pages"}],"about":[{"href":"https:\/\/www.nunet.fi\/wp\/wp-json\/wp\/v2\/types\/page"}],"author":[{"embeddable":true,"href":"https:\/\/www.nunet.fi\/wp\/wp-json\/wp\/v2\/users\/1"}],"replies":[{"embeddable":true,"href":"https:\/\/www.nunet.fi\/wp\/wp-json\/wp\/v2\/comments?post=27"}],"version-history":[{"count":3,"href":"https:\/\/www.nunet.fi\/wp\/wp-json\/wp\/v2\/pages\/27\/revisions"}],"predecessor-version":[{"id":166,"href":"https:\/\/www.nunet.fi\/wp\/wp-json\/wp\/v2\/pages\/27\/revisions\/166"}],"wp:attachment":[{"href":"https:\/\/www.nunet.fi\/wp\/wp-json\/wp\/v2\/media?parent=27"}],"curies":[{"name":"wp","href":"https:\/\/api.w.org\/{rel}","templated":true}]}}